{"id":87,"date":"2024-03-14T12:33:20","date_gmt":"2024-03-14T11:33:20","guid":{"rendered":"https:\/\/209.38.40.62\/?page_id=87"},"modified":"2025-02-13T15:41:20","modified_gmt":"2025-02-13T14:41:20","slug":"icofa-2","status":"publish","type":"page","link":"https:\/\/pada-belgie.be\/?page_id=87","title":{"rendered":"ICofA"},"content":{"rendered":"<div class=\"wp-block-image\">\n<figure class=\"aligncenter\"><img loading=\"lazy\" decoding=\"async\" width=\"600\" height=\"488\" src=\"https:\/\/i0.wp.com\/www.pada-belgie.be\/wp-content\/uploads\/2024\/03\/ICofA-1.jpeg?resize=600%2C488&amp;ssl=1\" alt=\"\" class=\"wp-image-56\" srcset=\"https:\/\/pada-belgie.be\/wp-content\/uploads\/2024\/03\/ICofA-1.jpeg 600w, https:\/\/pada-belgie.be\/wp-content\/uploads\/2024\/03\/ICofA-1-300x244.jpeg 300w\" sizes=\"auto, (max-width: 600px) 100vw, 600px\" \/><\/figure>\n<\/div>\n\n\n<p class=\"has-text-align-justify\">De PADA test is ontwikkeld door ethologen en onderzoekers die gespecialiseerd zijn in diergedrag. De test zoals hij nu is, is gemaakt door ICofA, onderzoekers uit Hongarije en \u00c1d\u00e1m Mikl\u00f3si \u2013 \u00e9\u00e9n van de toonaangevende onderzoekers op het gebied van gedrag bij honden.<\/p>\n\n\n\n<p class=\"has-text-align-justify\"><strong><a href=\"https:\/\/www.icofa-community.com\/\">ICofA \u2013 Internationale Gemeenschap voor Antrozo\u00f6logie<\/a><\/strong>&nbsp;werkt al 20 jaar met dierondersteunde interventies. Ze zijn een grote naam op het gebied van therapiedieren en ze leiden nieuwe AAI-teams op en certificeren ze, ze hebben verschillende onderzoeken uitgevoerd naar de effecten van AAI en boeken geschreven in samenwerking met andere organisaties over de hele wereld. \u200b<br>ICofA ontwikkelde de PADA-test voor het screenen van honden en andere dieren op het werken met dierondersteunde interventies. De test sluit dieren uit die niet geschikt zijn, waardoor het welzijn van de dieren die wel slagen voor de test wordt gewaarborgd en ervoor wordt gezorgd dat ze op de juiste manier reageren in uitdagende situaties.<\/p>\n\n\n\n<div class=\"wp-block-buttons is-content-justification-center is-layout-flex wp-container-core-buttons-is-layout-16018d1d wp-block-buttons-is-layout-flex\">\n<div class=\"wp-block-button is-style-fill\"><a class=\"wp-block-button__link has-white-color has-text-color has-background has-link-color wp-element-button\" style=\"background-color:#d8c55f\">Ga naar de website van ICofA<\/a><\/div>\n<\/div>\n","protected":false},"excerpt":{"rendered":"<p>De PADA test is ontwikkeld door ethologen en onderzoekers die gespecialiseerd zijn in diergedrag. De test zoals hij nu is, is gemaakt door ICofA, onderzoekers uit Hongarije en \u00c1d\u00e1m Mikl\u00f3si \u2013 \u00e9\u00e9n van de toonaangevende onderzoekers op het gebied van gedrag bij honden. ICofA \u2013 Internationale Gemeenschap voor Antrozo\u00f6logie&nbsp;werkt al 20 jaar met dierondersteunde interventies. [&hellip;]<\/p>\n","protected":false},"author":3,"featured_media":0,"parent":126,"menu_order":0,"comment_status":"closed","ping_status":"closed","template":"","meta":{"footnotes":""},"class_list":["post-87","page","type-page","status-publish","hentry"],"jetpack_sharing_enabled":true,"_links":{"self":[{"href":"https:\/\/pada-belgie.be\/index.php?rest_route=\/wp\/v2\/pages\/87","targetHints":{"allow":["GET"]}}],"collection":[{"href":"https:\/\/pada-belgie.be\/index.php?rest_route=\/wp\/v2\/pages"}],"about":[{"href":"https:\/\/pada-belgie.be\/index.php?rest_route=\/wp\/v2\/types\/page"}],"author":[{"embeddable":true,"href":"https:\/\/pada-belgie.be\/index.php?rest_route=\/wp\/v2\/users\/3"}],"replies":[{"embeddable":true,"href":"https:\/\/pada-belgie.be\/index.php?rest_route=%2Fwp%2Fv2%2Fcomments&post=87"}],"version-history":[{"count":3,"href":"https:\/\/pada-belgie.be\/index.php?rest_route=\/wp\/v2\/pages\/87\/revisions"}],"predecessor-version":[{"id":913,"href":"https:\/\/pada-belgie.be\/index.php?rest_route=\/wp\/v2\/pages\/87\/revisions\/913"}],"up":[{"embeddable":true,"href":"https:\/\/pada-belgie.be\/index.php?rest_route=\/wp\/v2\/pages\/126"}],"wp:attachment":[{"href":"https:\/\/pada-belgie.be\/index.php?rest_route=%2Fwp%2Fv2%2Fmedia&parent=87"}],"curies":[{"name":"wp","href":"https:\/\/api.w.org\/{rel}","templated":true}]}}